{"id":1541,"date":"2024-02-05T15:11:19","date_gmt":"2024-02-05T14:11:19","guid":{"rendered":"https:\/\/baradahan.com\/?page_id=1541"},"modified":"2024-08-27T10:00:12","modified_gmt":"2024-08-27T08:00:12","slug":"1541-2","status":"publish","type":"page","link":"https:\/\/baradahan.com\/index.php\/1541-2\/","title":{"rendered":"EXEMPLES DOSSIERS"},"content":{"rendered":"<p>[et_pb_section fb_built=\u00a0\u00bb1&Prime; _builder_version=\u00a0\u00bb4.18.0&Prime; _module_preset=\u00a0\u00bbdefault\u00a0\u00bb hover_enabled=\u00a0\u00bb0&Prime; global_colors_info=\u00a0\u00bb{}\u00a0\u00bb background_color=\u00a0\u00bb#1FE0BA\u00a0\u00bb sticky_enabled=\u00a0\u00bb0&Prime;][et_pb_row _builder_version=\u00a0\u00bb4.18.0&Prime; _module_preset=\u00a0\u00bbdefault\u00a0\u00bb custom_padding=\u00a0\u00bb13px|||||\u00a0\u00bb global_colors_info=\u00a0\u00bb{}\u00a0\u00bb][et_pb_column type=\u00a0\u00bb4_4&Prime; _builder_version=\u00a0\u00bb4.18.0&Prime; _module_preset=\u00a0\u00bbdefault\u00a0\u00bb global_colors_info=\u00a0\u00bb{}\u00a0\u00bb][dsm_gradient_text gradient_text=\u00a0\u00bbQUELQUES EXEMPLES D&rsquo;INDEMNISATIONS\u00a0\u00bb _builder_version=\u00a0\u00bb4.18.0&Prime; _module_preset=\u00a0\u00bbdefault\u00a0\u00bb header_text_align=\u00a0\u00bbcenter\u00a0\u00bb hover_enabled=\u00a0\u00bb0&Prime; global_colors_info=\u00a0\u00bb{}\u00a0\u00bb header_text_color=\u00a0\u00bb#000000&Prime; sticky_enabled=\u00a0\u00bb0&Prime;][\/dsm_gradient_text][et_pb_testimonial author=\u00a0\u00bbMarc 32 ans, chauffeur, entorse cheville accident de Moto : 26574 \u20ac\u00a0\u00bb portrait_url=\u00a0\u00bbdata:image\/svg+xml;base64,PHN2ZyB3aWR0aD0iNTAwIiBoZWlnaHQ9IjUwMCIgdmlld0JveD0iMCAwIDUwMCA1MDAiIHhtbG5zPSJodHRwOi8vd3d3LnczLm9yZy8yMDAwL3N2ZyI+CiAgICA8ZyBmaWxsPSJub25lIiBmaWxsLXJ1bGU9ImV2ZW5vZGQiPgogICAgICAgIDxwYXRoIGZpbGw9IiNFQkVCRUIiIGQ9Ik0wIDBoNTAwdjUwMEgweiIvPgogICAgICAgIDxyZWN0IGZpbGwtb3BhY2l0eT0iLjEiIGZpbGw9IiMwMDAiIHg9IjY4IiB5PSIzMDUiIHdpZHRoPSIzNjQiIGhlaWdodD0iNTY4IiByeD0iMTgyIi8+CiAgICAgICAgPGNpcmNsZSBmaWxsLW9wYWNpdHk9Ii4xIiBmaWxsPSIjMDAwIiBjeD0iMjQ5IiBjeT0iMTcyIiByPSIxMDAiLz4KICAgIDwvZz4KPC9zdmc+Cg==\u00a0\u00bb quote_icon_color=\u00a0\u00bb#8300E9&Prime; portrait_width=\u00a0\u00bb1px\u00a0\u00bb portrait_height=\u00a0\u00bb1px\u00a0\u00bb _builder_version=\u00a0\u00bb4.18.0&Prime; _module_preset=\u00a0\u00bbdefault\u00a0\u00bb body_text_color=\u00a0\u00bb#000000&Prime; author_text_color=\u00a0\u00bb#000000&Prime; custom_margin=\u00a0\u00bb68px|||||\u00a0\u00bb global_colors_info=\u00a0\u00bb{}\u00a0\u00bb]<\/p>\n<p>Dossier suivi pendant 13 mois, 7 mois de soins, 4 000 euros de provision, 2 expertises m\u00e9dicales.Conclusions m\u00e9dicales : Arr\u00eat de travail 3 mois, 6% de DFP (IPP), souffrances endur\u00e9es 2,5\/7 etc&#8230;montant total de l&rsquo;indemnit\u00e9 26574 euros.<\/p>\n<p>[\/et_pb_testimonial][et_pb_testimonial author=\u00a0\u00bbAbdel 28 ans, ouvrier, entorse cervicale accident de voiture : 8750 euros\u00a0\u00bb portrait_url=\u00a0\u00bbdata:image\/svg+xml;base64,PHN2ZyB3aWR0aD0iNTAwIiBoZWlnaHQ9IjUwMCIgdmlld0JveD0iMCAwIDUwMCA1MDAiIHhtbG5zPSJodHRwOi8vd3d3LnczLm9yZy8yMDAwL3N2ZyI+CiAgICA8ZyBmaWxsPSJub25lIiBmaWxsLXJ1bGU9ImV2ZW5vZGQiPgogICAgICAgIDxwYXRoIGZpbGw9IiNFQkVCRUIiIGQ9Ik0wIDBoNTAwdjUwMEgweiIvPgogICAgICAgIDxyZWN0IGZpbGwtb3BhY2l0eT0iLjEiIGZpbGw9IiMwMDAiIHg9IjY4IiB5PSIzMDUiIHdpZHRoPSIzNjQiIGhlaWdodD0iNTY4IiByeD0iMTgyIi8+CiAgICAgICAgPGNpcmNsZSBmaWxsLW9wYWNpdHk9Ii4xIiBmaWxsPSIjMDAwIiBjeD0iMjQ5IiBjeT0iMTcyIiByPSIxMDAiLz4KICAgIDwvZz4KPC9zdmc+Cg==\u00a0\u00bb quote_icon_color=\u00a0\u00bb#8300E9&Prime; portrait_width=\u00a0\u00bb1px\u00a0\u00bb portrait_height=\u00a0\u00bb1px\u00a0\u00bb _builder_version=\u00a0\u00bb4.18.0&Prime; _module_preset=\u00a0\u00bbdefault\u00a0\u00bb body_text_color=\u00a0\u00bb#000000&Prime; author_text_color=\u00a0\u00bb#000000&Prime; global_colors_info=\u00a0\u00bb{}\u00a0\u00bb]<\/p>\n<p>Dossier suivi pendant 9 mois, 4 mois de soins, 1200 euros de provision, 1 expertise m\u00e9dicale.<\/p>\n<p>Conclusions m\u00e9dicales : Arr\u00eat de travail 15 jours, 2% de DFP (IPP), souffrances endur\u00e9es 2\/7 etc&#8230;montant total de l&rsquo;indemnit\u00e9 8750 euros.<\/p>\n<p>[\/et_pb_testimonial][et_pb_testimonial author=\u00a0\u00bbJ-Fran\u00e7ois, paysagiste, amputation jambe accident du travail : 790 000 \u20ac\u00a0\u00bb portrait_url=\u00a0\u00bbdata:image\/svg+xml;base64,PHN2ZyB3aWR0aD0iNTAwIiBoZWlnaHQ9IjUwMCIgdmlld0JveD0iMCAwIDUwMCA1MDAiIHhtbG5zPSJodHRwOi8vd3d3LnczLm9yZy8yMDAwL3N2ZyI+CiAgICA8ZyBmaWxsPSJub25lIiBmaWxsLXJ1bGU9ImV2ZW5vZGQiPgogICAgICAgIDxwYXRoIGZpbGw9IiNFQkVCRUIiIGQ9Ik0wIDBoNTAwdjUwMEgweiIvPgogICAgICAgIDxyZWN0IGZpbGwtb3BhY2l0eT0iLjEiIGZpbGw9IiMwMDAiIHg9IjY4IiB5PSIzMDUiIHdpZHRoPSIzNjQiIGhlaWdodD0iNTY4IiByeD0iMTgyIi8+CiAgICAgICAgPGNpcmNsZSBmaWxsLW9wYWNpdHk9Ii4xIiBmaWxsPSIjMDAwIiBjeD0iMjQ5IiBjeT0iMTcyIiByPSIxMDAiLz4KICAgIDwvZz4KPC9zdmc+Cg==\u00a0\u00bb quote_icon_color=\u00a0\u00bb#8300E9&Prime; portrait_width=\u00a0\u00bb1px\u00a0\u00bb portrait_height=\u00a0\u00bb1px\u00a0\u00bb _builder_version=\u00a0\u00bb4.18.0&Prime; _module_preset=\u00a0\u00bbdefault\u00a0\u00bb body_text_color=\u00a0\u00bb#000000&Prime; author_text_color=\u00a0\u00bb#000000&Prime; global_colors_info=\u00a0\u00bb{}\u00a0\u00bb]<\/p>\n<p>Dossier suivi pendant 5 ans, 3 mois de soins, 4 expertises m\u00e9dicales.<\/p>\n<p>Conclusions m\u00e9dicales : Perte totale de capacit\u00e9 de travail, 40% de DFP (IPP), souffrances endur\u00e9es 5\/7 etc&#8230;montant total de l&rsquo;indemnit\u00e9 790 000 euros.<\/p>\n<p>[\/et_pb_testimonial][\/et_pb_column][\/et_pb_row][\/et_pb_section]<\/p>\n","protected":false},"excerpt":{"rendered":"<p><div class=\"et_pb_module dsm_gradient_text dsm_gradient_text_0 \">\n\t\t\t\t\n\t\t\t\t\n\t\t\t\t\n\t\t\t\t\n\t\t\t\t\n\t\t\t\t\n\t\t\t\t<div class=\"et_pb_module_inner\">\n\t\t\t\t\t<h1 class=\"dsm-gradient-text et_pb_module_header\">QUELQUES EXEMPLES D'INDEMNISATIONS<\/h1>\n\t\t\t\t<\/div>\n\t\t\t<\/div>Dossier suivi pendant 13 mois, 7 mois de soins, 4 000 euros de provision, 2 expertises m\u00e9dicales.Conclusions m\u00e9dicales : Arr\u00eat de travail 3 mois, 6% de DFP (IPP), souffrances endur\u00e9es 2,5\/7 etc&#8230;montant total de l&rsquo;indemnit\u00e9 26574 euros.Dossier suivi pendant 9 mois, 4 mois de soins, [&hellip;]<\/p>\n","protected":false},"author":1,"featured_media":0,"parent":0,"menu_order":0,"comment_status":"closed","ping_status":"closed","template":"","meta":{"_et_pb_use_builder":"on","_et_pb_old_content":"","_et_gb_content_width":"","footnotes":""},"class_list":["post-1541","page","type-page","status-publish","hentry"],"_links":{"self":[{"href":"https:\/\/baradahan.com\/index.php\/wp-json\/wp\/v2\/pages\/1541","targetHints":{"allow":["GET"]}}],"collection":[{"href":"https:\/\/baradahan.com\/index.php\/wp-json\/wp\/v2\/pages"}],"about":[{"href":"https:\/\/baradahan.com\/index.php\/wp-json\/wp\/v2\/types\/page"}],"author":[{"embeddable":true,"href":"https:\/\/baradahan.com\/index.php\/wp-json\/wp\/v2\/users\/1"}],"replies":[{"embeddable":true,"href":"https:\/\/baradahan.com\/index.php\/wp-json\/wp\/v2\/comments?post=1541"}],"version-history":[{"count":5,"href":"https:\/\/baradahan.com\/index.php\/wp-json\/wp\/v2\/pages\/1541\/revisions"}],"predecessor-version":[{"id":1985,"href":"https:\/\/baradahan.com\/index.php\/wp-json\/wp\/v2\/pages\/1541\/revisions\/1985"}],"wp:attachment":[{"href":"https:\/\/baradahan.com\/index.php\/wp-json\/wp\/v2\/media?parent=1541"}],"curies":[{"name":"wp","href":"https:\/\/api.w.org\/{rel}","templated":true}]}}