{"id":1108,"date":"2024-01-17T19:14:34","date_gmt":"2024-01-17T18:14:34","guid":{"rendered":"http:\/\/baradahan.com\/?page_id=1108"},"modified":"2024-02-07T11:28:14","modified_gmt":"2024-02-07T10:28:14","slug":"loi-badinter","status":"publish","type":"page","link":"https:\/\/baradahan.com\/index.php\/loi-badinter\/","title":{"rendered":"LOI BADINTER"},"content":{"rendered":"<p>[et_pb_section fb_built=\u00a0\u00bb1&Prime; _builder_version=\u00a0\u00bb4.18.0&Prime; _module_preset=\u00a0\u00bbdefault\u00a0\u00bb background_color=\u00a0\u00bb#0047E0&Prime; custom_padding=\u00a0\u00bb||288px|||\u00a0\u00bb hover_enabled=\u00a0\u00bb0&Prime; global_colors_info=\u00a0\u00bb{}\u00a0\u00bb sticky_enabled=\u00a0\u00bb0&Prime;][et_pb_row _builder_version=\u00a0\u00bb4.18.0&Prime; _module_preset=\u00a0\u00bbdefault\u00a0\u00bb custom_padding=\u00a0\u00bb|0%||0%|false|true\u00a0\u00bb global_colors_info=\u00a0\u00bb{}\u00a0\u00bb][et_pb_column type=\u00a0\u00bb4_4&Prime; _builder_version=\u00a0\u00bb4.18.0&Prime; _module_preset=\u00a0\u00bbdefault\u00a0\u00bb global_colors_info=\u00a0\u00bb{}\u00a0\u00bb][et_pb_text _builder_version=\u00a0\u00bb4.18.0&Prime; _module_preset=\u00a0\u00bbdefault\u00a0\u00bb text_font=\u00a0\u00bb||||||||\u00a0\u00bb text_text_color=\u00a0\u00bb#FFFFFF\u00a0\u00bb text_line_height=\u00a0\u00bb1em\u00a0\u00bb header_text_color=\u00a0\u00bb#FFFFFF\u00a0\u00bb header_font_size=\u00a0\u00bb27px\u00a0\u00bb hover_enabled=\u00a0\u00bb0&Prime; global_colors_info=\u00a0\u00bb{}\u00a0\u00bb sticky_enabled=\u00a0\u00bb0&Prime;]<\/p>\n<h1>ACCIDENT DE LA ROUTE ? QUE DIT LA LOI DU 5 JUILLET 1985 dite \u00ab\u00a0LOI BADINTER\u00a0\u00bb<\/h1>\n<p>&nbsp;<\/p>\n<p>La loi Badinter, promulgu\u00e9e le 5 juillet 1985, vise \u00e0 mieux prot\u00e9ger les victimes d&rsquo;accidents de la route en France. Voici ses principales dispositions :<\/p>\n<p><strong>Conditions d&rsquo;Application<\/strong> : Pour qu&rsquo;un accident de la route rel\u00e8ve de la loi Badinter, il doit impliquer un v\u00e9hicule terrestre \u00e0 moteur (VTM) en circulation sur une voie publique. La loi exclut les accidents sur des voies de circulation priv\u00e9es ou les v\u00e9hicules circulant sur des voies ferr\u00e9es propres (tramways, train, m\u00e9tro&#8230;).<strong style=\"font-size: 15px;\"><\/strong><\/p>\n<p><strong style=\"font-size: 15px;\">Indemnisation des Victimes<\/strong><span style=\"font-size: 15px;\"> : Les victimes d&rsquo;accidents de la route peuvent b\u00e9n\u00e9ficier d&rsquo;un droit \u00e0 indemnisation automatique sous certaines conditions. Les r\u00e8gles d&rsquo;indemnisation varient en fonction de la nature des dommages (mat\u00e9riels ou corporels) et du statut de la victime (conducteur ou non-conducteur).<\/span><\/p>\n<p><strong style=\"font-size: 15px;\"><\/strong><\/p>\n<p><strong>Victimes Non-Conductrices<\/strong> : Les victimes non conductrices, comme les pi\u00e9tons ou les cyclistes, sont particuli\u00e8rement prot\u00e9g\u00e9es par la loi Badinter. Elles peuvent b\u00e9n\u00e9ficier d&rsquo;une indemnisation totale de leurs dommages corporels, sauf en cas de faute intentionnelle ou inexcusable de leur part.<\/p>\n<p><strong>Victimes Conductrices<\/strong> : Les conducteurs sont indemnis\u00e9s en fonction de leur responsabilit\u00e9 dans l&rsquo;accident. Si un conducteur est jug\u00e9 fautif, son indemnisation peut \u00eatre r\u00e9duite ou exclue.<\/p>\n<p><strong>Proc\u00e9dure d&rsquo;Indemnisation<\/strong> : En cas d&rsquo;accident, il est recommand\u00e9 de remplir un constat amiable pour d\u00e9crire les dommages et leurs causes. Les assureurs doivent informer les victimes de leurs droits, effectuer des examens m\u00e9dicaux si n\u00e9cessaire, et \u00e9mettre une offre d&rsquo;indemnisation dans un d\u00e9lai sp\u00e9cifi\u00e9.<\/p>\n<p><strong>Fonds de Garantie<\/strong> : Si le v\u00e9hicule impliqu\u00e9 n&rsquo;est pas assur\u00e9 ou n&rsquo;est pas identifi\u00e9, le Fonds de garantie des assurances obligatoires de dommages (FGAO) peut \u00eatre sollicit\u00e9 pour indemniser les victimes, sous certaines conditions.<\/p>\n<p><strong>Localisation dans le Code Civil<\/strong> : La loi Badinter a modifi\u00e9 ou cr\u00e9\u00e9 plusieurs articles du Code civil, du Code des assurances et du Code rural. Elle est consultable en int\u00e9gralit\u00e9 sur le site L\u00e9gifrance.<\/p>\n<p>En r\u00e9sum\u00e9, la loi Badinter vise \u00e0 simplifier et acc\u00e9l\u00e9rer le processus d&rsquo;indemnisation des victimes d&rsquo;accidents de la route en France, en \u00e9tablissant des r\u00e8gles claires pour d\u00e9terminer la responsabilit\u00e9 et les droits des parties impliqu\u00e9es.<\/p>\n<p>[\/et_pb_text][et_pb_button button_url=\u00a0\u00bb@ET-DC@eyJkeW5hbWljIjp0cnVlLCJjb250ZW50IjoicG9zdF9saW5rX3VybF9wYWdlIiwic2V0dGluZ3MiOnsicG9zdF9pZCI6IjE2MDgifX0=@\u00a0\u00bb button_text=\u00a0\u00bbRETOUR\u00a0\u00bb button_alignment=\u00a0\u00bbcenter\u00a0\u00bb _builder_version=\u00a0\u00bb4.18.0&Prime; _dynamic_attributes=\u00a0\u00bbbutton_url\u00a0\u00bb _module_preset=\u00a0\u00bbdefault\u00a0\u00bb custom_button=\u00a0\u00bbon\u00a0\u00bb button_text_color=\u00a0\u00bb#FFFFFF\u00a0\u00bb button_bg_color=\u00a0\u00bbRGBA(255,255,255,0)\u00a0\u00bb button_border_width=\u00a0\u00bb1px\u00a0\u00bb button_border_radius=\u00a0\u00bb43px\u00a0\u00bb button_icon=\u00a0\u00bb&#x38;||divi||400&Prime; button_icon_color=\u00a0\u00bb#FFFFFF\u00a0\u00bb button_icon_placement=\u00a0\u00bbleft\u00a0\u00bb hover_enabled=\u00a0\u00bb0&Prime; global_colors_info=\u00a0\u00bb{}\u00a0\u00bb button_bg_enable_color=\u00a0\u00bbon\u00a0\u00bb sticky_enabled=\u00a0\u00bb0&Prime;][\/et_pb_button][\/et_pb_column][\/et_pb_row][\/et_pb_section]<\/p>\n","protected":false},"excerpt":{"rendered":"<p>ACCIDENT DE LA ROUTE ? QUE DIT LA LOI DU 5 JUILLET 1985 dite \u00ab\u00a0LOI BADINTER\u00a0\u00bb &nbsp; La loi Badinter, promulgu\u00e9e le 5 juillet 1985, vise \u00e0 mieux prot\u00e9ger les victimes d&rsquo;accidents de la route en France. Voici ses principales dispositions : Conditions d&rsquo;Application : Pour qu&rsquo;un accident de la route rel\u00e8ve de la loi [&hellip;]<\/p>\n","protected":false},"author":1,"featured_media":0,"parent":0,"menu_order":0,"comment_status":"closed","ping_status":"closed","template":"","meta":{"_et_pb_use_builder":"on","_et_pb_old_content":"","_et_gb_content_width":"","footnotes":""},"class_list":["post-1108","page","type-page","status-publish","hentry"],"_links":{"self":[{"href":"https:\/\/baradahan.com\/index.php\/wp-json\/wp\/v2\/pages\/1108","targetHints":{"allow":["GET"]}}],"collection":[{"href":"https:\/\/baradahan.com\/index.php\/wp-json\/wp\/v2\/pages"}],"about":[{"href":"https:\/\/baradahan.com\/index.php\/wp-json\/wp\/v2\/types\/page"}],"author":[{"embeddable":true,"href":"https:\/\/baradahan.com\/index.php\/wp-json\/wp\/v2\/users\/1"}],"replies":[{"embeddable":true,"href":"https:\/\/baradahan.com\/index.php\/wp-json\/wp\/v2\/comments?post=1108"}],"version-history":[{"count":5,"href":"https:\/\/baradahan.com\/index.php\/wp-json\/wp\/v2\/pages\/1108\/revisions"}],"predecessor-version":[{"id":1678,"href":"https:\/\/baradahan.com\/index.php\/wp-json\/wp\/v2\/pages\/1108\/revisions\/1678"}],"wp:attachment":[{"href":"https:\/\/baradahan.com\/index.php\/wp-json\/wp\/v2\/media?parent=1108"}],"curies":[{"name":"wp","href":"https:\/\/api.w.org\/{rel}","templated":true}]}}